{"id":1164,"date":"2024-08-30T10:43:01","date_gmt":"2024-08-30T08:43:01","guid":{"rendered":"https:\/\/elektro-burgmann.it\/?page_id=1164"},"modified":"2025-12-19T10:13:27","modified_gmt":"2025-12-19T09:13:27","slug":"impressum","status":"publish","type":"page","link":"https:\/\/elektro-burgmann.it\/it\/impressum\/","title":{"rendered":"Impressum"},"content":{"rendered":"\t\t<div data-elementor-type=\"wp-page\" data-elementor-id=\"1164\" class=\"elementor elementor-1164\">\n\t\t\t\t<div class=\"elementor-element elementor-element-648a159c e-con-full e-flex e-con e-parent\" data-id=\"648a159c\" data-element_type=\"container\" id=\"oeffnungszeiten\" data-settings=\"{&quot;background_background&quot;:&quot;classic&quot;}\">\n\t\t\t\t<div class=\"elementor-element elementor-element-67739c5 elementor-widget elementor-widget-heading\" data-id=\"67739c5\" data-element_type=\"widget\" data-widget_type=\"heading.default\">\n\t\t\t\t<div class=\"elementor-widget-container\">\n\t\t\t\t\t<h3 class=\"elementor-heading-title elementor-size-default\">Impressum<\/h3>\t\t\t\t<\/div>\n\t\t\t\t<\/div>\n\t\t\t\t<\/div>\n\t\t<div class=\"elementor-element elementor-element-2fce579 e-flex e-con-boxed e-con e-parent\" data-id=\"2fce579\" data-element_type=\"container\" data-settings=\"{&quot;background_background&quot;:&quot;classic&quot;}\">\n\t\t\t\t\t<div class=\"e-con-inner\">\n\t\t<div class=\"elementor-element elementor-element-6d91a37 e-flex e-con-boxed e-con e-child\" data-id=\"6d91a37\" data-element_type=\"container\">\n\t\t\t\t\t<div class=\"e-con-inner\">\n\t\t\t\t<div class=\"elementor-element elementor-element-371f134 elementor-widget elementor-widget-text-editor\" data-id=\"371f134\" data-element_type=\"widget\" data-widget_type=\"text-editor.default\">\n\t\t\t\t<div class=\"elementor-widget-container\">\n\t\t\t\t\t\t\t\t\t<p><strong><a  href=\"#consent-change\" role=\"button\" id=\"rcb-sc-link-change\" data-success-message=\"\" class=\"rcb-sc-link rcb-sc-link-change \">Cambia le impostazioni della privacy<\/a><br \/><\/strong><strong><a  href=\"#consent-revoke\" role=\"button\" id=\"rcb-sc-link-revoke\" data-success-message=\"Hai revocato con successo il tuo consenso. La pagina verr\u00e0 ora ricaricata.\" class=\"rcb-sc-link rcb-sc-link-revoke \">Revoca i consensi<\/a><\/strong><\/p><p><strong>Proprietario e responsabile per il contenuto:<br \/><\/strong>Elektro S. Burgmann KG<br \/>Via Jungmann 20, 39032 Campo Tures<br \/>Tel +39 0474 678003<br \/><a href=\"mailto:info@elektro-burgmann.it\">info@elektro-burgmann.it<\/a><\/p><p>PartIVA: IT01495200212<br \/>Pec Mail: <a href=\"mailto:elektroburgmann@leg-mail.it\">elektroburgmann@leg-mail.it<\/a><br \/>Codice destinatario: A4RZ960<\/p><p><strong>Material fotografico:<\/strong><br \/>Elektro Burgmann<\/p><p><strong>Avviso di responsabilit\u00e0:<\/strong><br \/>I marchi e le societ\u00e0 citate su questo sito sono di propriet\u00e0 del apposito titolare.<br \/>Nonostante l\u2019attento controllo dei contenuti, non assumiamo nessuna responsabilit\u00e0 per i contenuti relativi a link esterni. Sono responsabili per il contenuto delle pagine collegate esclusivamente i gestori delle pagine stesse.<\/p>\t\t\t\t\t\t\t\t<\/div>\n\t\t\t\t<\/div>\n\t\t\t\t\t<\/div>\n\t\t\t\t<\/div>\n\t\t<div class=\"elementor-element elementor-element-59b9440 e-flex e-con-boxed e-con e-child\" data-id=\"59b9440\" data-element_type=\"container\">\n\t\t\t\t\t<div class=\"e-con-inner\">\n\t\t\t\t<div class=\"elementor-element elementor-element-6b49980 elementor-widget elementor-widget-text-editor\" data-id=\"6b49980\" data-element_type=\"widget\" data-widget_type=\"text-editor.default\">\n\t\t\t\t<div class=\"elementor-widget-container\">\n\t\t\t\t\t\t\t\t\t<p><strong>Realizzazione, concetto e design:<br><\/strong>Fuchsdesign<br>Via Dolomiti 25a, 39034 Dobbiaco<br>Alto Adige \u2013 Italia<br>Tel +39 0474 979 048<br><a href=\"mailto:info@fuchsdesign.it\">info@fuchsdesign.it<\/a><br><a class=\"external-link-new-window\" title=\"Apre un link esterno in una nuova finestra\" href=\"http:\/\/www.fuchsdesign.it\/\" target=\"_blank\" rel=\"noopener noreferrer\">www.fuchsdesign.it<\/a><\/p>\n<p><strong>Informazione obbligatoria ai sensi del Regolamento UE n. 524\/2016 del Parlamento europeo e del Consiglio<\/strong><br><a href=\"https:\/\/ec.europa.eu\/consumers\/odr\/\" target=\"_blank\" rel=\"noopener\">Piattaforma per la risoluzione delle controversie online<\/a>&nbsp;dei consumatori (ODR) della Commissione europea.<\/p>\t\t\t\t\t\t\t\t<\/div>\n\t\t\t\t<\/div>\n\t\t\t\t\t<\/div>\n\t\t\t\t<\/div>\n\t\t\t\t\t<\/div>\n\t\t\t\t<\/div>\n\t\t\t\t<\/div>\n\t\t","protected":false},"excerpt":{"rendered":"<p>Impressum Proprietario e responsabile per il contenuto:Elektro S. Burgmann KGVia Jungmann 20, 39032 Campo TuresTel +39 0474 678003info@elektro-burgmann.it PartIVA: IT01495200212Pec Mail: elektroburgmann@leg-mail.itCodice destinatario: A4RZ960 Material fotografico:Elektro Burgmann Avviso di responsabilit\u00e0:I marchi e le societ\u00e0 citate su questo sito sono di propriet\u00e0 del apposito titolare.Nonostante l\u2019attento controllo dei contenuti, non assumiamo nessuna responsabilit\u00e0 per i contenuti [&hellip;]<\/p>\n","protected":false},"author":1,"featured_media":0,"parent":0,"menu_order":0,"comment_status":"closed","ping_status":"closed","template":"elementor_header_footer","meta":{"_acf_changed":false,"footnotes":""},"class_list":["post-1164","page","type-page","status-publish","hentry"],"acf":[],"_links":{"self":[{"href":"https:\/\/elektro-burgmann.it\/it\/wp-json\/wp\/v2\/pages\/1164","targetHints":{"allow":["GET"]}}],"collection":[{"href":"https:\/\/elektro-burgmann.it\/it\/wp-json\/wp\/v2\/pages"}],"about":[{"href":"https:\/\/elektro-burgmann.it\/it\/wp-json\/wp\/v2\/types\/page"}],"author":[{"embeddable":true,"href":"https:\/\/elektro-burgmann.it\/it\/wp-json\/wp\/v2\/users\/1"}],"replies":[{"embeddable":true,"href":"https:\/\/elektro-burgmann.it\/it\/wp-json\/wp\/v2\/comments?post=1164"}],"version-history":[{"count":3,"href":"https:\/\/elektro-burgmann.it\/it\/wp-json\/wp\/v2\/pages\/1164\/revisions"}],"predecessor-version":[{"id":1226,"href":"https:\/\/elektro-burgmann.it\/it\/wp-json\/wp\/v2\/pages\/1164\/revisions\/1226"}],"wp:attachment":[{"href":"https:\/\/elektro-burgmann.it\/it\/wp-json\/wp\/v2\/media?parent=1164"}],"curies":[{"name":"wp","href":"https:\/\/api.w.org\/{rel}","templated":true}]}}